{"id":822,"date":"2026-01-17T15:45:39","date_gmt":"2026-01-17T15:45:39","guid":{"rendered":"https:\/\/www.viajaorlandobarato.com\/?page_id=822"},"modified":"2026-01-20T14:35:08","modified_gmt":"2026-01-20T14:35:08","slug":"walt-disney-world","status":"publish","type":"page","link":"https:\/\/www.viajaorlandobarato.com\/en\/servicios\/tickets-a-parques\/walt-disney-world\/","title":{"rendered":"Walt Disney World"},"content":{"rendered":"<div data-elementor-type=\"wp-page\" data-elementor-id=\"822\" class=\"elementor elementor-822\">\n\t\t\t\t<div class=\"elementor-element elementor-element-dfafd93 e-flex e-con-boxed e-con e-parent\" data-id=\"dfafd93\" data-element_type=\"container\" data-e-type=\"container\">\n\t\t\t\t\t<div class=\"e-con-inner\">\n\t\t\t\t<div class=\"elementor-element elementor-element-3b7f3f0 elementor-position-right elementor-vertical-align-middle elementor-position-right elementor-vertical-align-middle elementor-widget elementor-widget-image-box\" data-id=\"3b7f3f0\" data-element_type=\"widget\" data-e-type=\"widget\" data-widget_type=\"image-box.default\">\n\t\t\t\t\t<div class=\"elementor-image-box-wrapper\"><figure class=\"elementor-image-box-img\"><a href=\"https:\/\/api.whatsapp.com\/send\/?phone=14077380415&amp;text=Hola,solicitoinformaci\u00f3nsobre:1D\u00cdADESDE$189.99(1D\u00edaDisneyenMagicKingdom,EPCOT,HollywoodStudiosoAnimalKingdom)\" tabindex=\"-1\" target=\"_blank\" rel=\"noopener\"><img fetchpriority=\"high\" decoding=\"async\" width=\"768\" height=\"960\" src=\"https:\/\/www.viajaorlandobarato.com\/wp-content\/uploads\/2026\/01\/Disney_Mesa-de-trabajo-1-1.jpg\" class=\"elementor-animation-pulse-grow attachment-medium_large size-medium_large wp-image-932\" alt=\"\" srcset=\"https:\/\/www.viajaorlandobarato.com\/wp-content\/uploads\/2026\/01\/Disney_Mesa-de-trabajo-1-1.jpg 2048w, https:\/\/www.viajaorlandobarato.com\/wp-content\/uploads\/2026\/01\/Disney_Mesa-de-trabajo-1-1-240x300.jpg 240w, https:\/\/www.viajaorlandobarato.com\/wp-content\/uploads\/2026\/01\/Disney_Mesa-de-trabajo-1-1-819x1024.jpg 819w, https:\/\/www.viajaorlandobarato.com\/wp-content\/uploads\/2026\/01\/Disney_Mesa-de-trabajo-1-1-768x960.jpg 768w, https:\/\/www.viajaorlandobarato.com\/wp-content\/uploads\/2026\/01\/Disney_Mesa-de-trabajo-1-1-1229x1536.jpg 1229w, https:\/\/www.viajaorlandobarato.com\/wp-content\/uploads\/2026\/01\/Disney_Mesa-de-trabajo-1-1-1638x2048.jpg 1638w, https:\/\/www.viajaorlandobarato.com\/wp-content\/uploads\/2026\/01\/Disney_Mesa-de-trabajo-1-1-10x12.jpg 10w\" sizes=\"(max-width: 768px) 100vw, 768px\" \/><\/a><\/figure><div class=\"elementor-image-box-content\"><h3 class=\"elementor-image-box-title\"><a href=\"https:\/\/api.whatsapp.com\/send\/?phone=14077380415&amp;text=Hola,solicitoinformaci\u00f3nsobre:1D\u00cdADESDE$189.99(1D\u00edaDisneyenMagicKingdom,EPCOT,HollywoodStudiosoAnimalKingdom)\" target=\"_blank\" rel=\"noopener\">1 DAY FROM $189.99<\/a><\/h3><p class=\"elementor-image-box-description\">Immerse yourself in a world where stories come to life and dreams become reality. Enjoy <br>A one-day adventure filled with adrenaline, world-class shows, and encounters with your favorite characters.<br>It's the perfect opportunity for a magical getaway, choosing the park that excites you most from:<br><br><b><i>-Magic Kingdom.<br>-EPCOT.<br>-Hollywood Studios.<br>-Animal Kingdom.<\/i><\/b><br><br><b><u>Certain conditions apply.<\/u><\/b><\/p><\/div><\/div>\t\t\t\t<\/div>\n\t\t\t\t<div class=\"elementor-element elementor-element-1f00c03 elementor-widget-divider--view-line elementor-widget elementor-widget-divider\" data-id=\"1f00c03\" data-element_type=\"widget\" data-e-type=\"widget\" data-widget_type=\"divider.default\">\n\t\t\t\t\t\t\t<div class=\"elementor-divider\">\n\t\t\t<span class=\"elementor-divider-separator\">\n\t\t\t\t\t\t<\/span>\n\t\t<\/div>\n\t\t\t\t\t\t<\/div>\n\t\t\t\t<div class=\"elementor-element elementor-element-6d18934 elementor-position-right elementor-vertical-align-middle elementor-position-right elementor-vertical-align-middle elementor-widget elementor-widget-image-box\" data-id=\"6d18934\" data-element_type=\"widget\" data-e-type=\"widget\" data-widget_type=\"image-box.default\">\n\t\t\t\t\t<div class=\"elementor-image-box-wrapper\"><figure class=\"elementor-image-box-img\"><a href=\"https:\/\/api.whatsapp.com\/send\/?phone=14077380415&amp;text=Hola,solicitoinformaci\u00f3nsobre:2D\u00cdASDESDE$269.99(2D\u00edasDisney1D\u00edadeRegaloenParquesTem\u00e1ticos)\" tabindex=\"-1\" target=\"_blank\" rel=\"noopener\"><img decoding=\"async\" width=\"768\" height=\"960\" src=\"https:\/\/www.viajaorlandobarato.com\/wp-content\/uploads\/2026\/01\/Disney_Mesa-de-trabajo-1-copia-1-1.jpg\" class=\"elementor-animation-pulse-grow attachment-medium_large size-medium_large wp-image-933\" alt=\"\" srcset=\"https:\/\/www.viajaorlandobarato.com\/wp-content\/uploads\/2026\/01\/Disney_Mesa-de-trabajo-1-copia-1-1.jpg 2048w, https:\/\/www.viajaorlandobarato.com\/wp-content\/uploads\/2026\/01\/Disney_Mesa-de-trabajo-1-copia-1-1-240x300.jpg 240w, https:\/\/www.viajaorlandobarato.com\/wp-content\/uploads\/2026\/01\/Disney_Mesa-de-trabajo-1-copia-1-1-819x1024.jpg 819w, https:\/\/www.viajaorlandobarato.com\/wp-content\/uploads\/2026\/01\/Disney_Mesa-de-trabajo-1-copia-1-1-768x960.jpg 768w, https:\/\/www.viajaorlandobarato.com\/wp-content\/uploads\/2026\/01\/Disney_Mesa-de-trabajo-1-copia-1-1-1229x1536.jpg 1229w, https:\/\/www.viajaorlandobarato.com\/wp-content\/uploads\/2026\/01\/Disney_Mesa-de-trabajo-1-copia-1-1-1638x2048.jpg 1638w, https:\/\/www.viajaorlandobarato.com\/wp-content\/uploads\/2026\/01\/Disney_Mesa-de-trabajo-1-copia-1-1-10x12.jpg 10w\" sizes=\"(max-width: 768px) 100vw, 768px\" \/><\/a><\/figure><div class=\"elementor-image-box-content\"><h3 class=\"elementor-image-box-title\"><a href=\"https:\/\/api.whatsapp.com\/send\/?phone=14077380415&amp;text=Hola,solicitoinformaci\u00f3nsobre:2D\u00cdASDESDE$269.99(2D\u00edasDisney1D\u00edadeRegaloenParquesTem\u00e1ticos)\" target=\"_blank\" rel=\"noopener\">3 DAYS FROM $269.99<\/a><\/h3><p class=\"elementor-image-box-description\">2 Disney Days + 1 Bonus Day (Total 3 Days) Why settle for less when you can have a day <br>Want extra happiness? With this promotion, you'll have plenty of time to explore the futuristic worlds of <br>EPCOT or the Hollywood Studios film grounds at your leisure. Take advantage of this gift to repeat the experience. <br>your favorite attraction or discover new secrets at:<br><br><b><i>-Magic Kingdom.<br>-EPCOT.<br>-Hollywood Studios.<br>-Animal Kingdom.<\/i><\/b><br><b><i>1 Free Day at one of the water parks:<br>- Typhoon Lagoon.<br>- Blizzard Beach.<\/i><\/b><br><br><b><u>Certain conditions apply.<\/u><\/b><\/p><\/div><\/div>\t\t\t\t<\/div>\n\t\t\t\t<div class=\"elementor-element elementor-element-31f858d elementor-widget-divider--view-line elementor-widget elementor-widget-divider\" data-id=\"31f858d\" data-element_type=\"widget\" data-e-type=\"widget\" data-widget_type=\"divider.default\">\n\t\t\t\t\t\t\t<div class=\"elementor-divider\">\n\t\t\t<span class=\"elementor-divider-separator\">\n\t\t\t\t\t\t<\/span>\n\t\t<\/div>\n\t\t\t\t\t\t<\/div>\n\t\t\t\t<div class=\"elementor-element elementor-element-42cc9c1 elementor-position-right elementor-vertical-align-middle elementor-position-right elementor-vertical-align-middle elementor-widget elementor-widget-image-box\" data-id=\"42cc9c1\" data-element_type=\"widget\" data-e-type=\"widget\" data-widget_type=\"image-box.default\">\n\t\t\t\t\t<div class=\"elementor-image-box-wrapper\"><figure class=\"elementor-image-box-img\"><a href=\"https:\/\/api.whatsapp.com\/send\/?phone=14077380415&amp;text=Hola,solicitoinformaci\u00f3nsobre:3D\u00cdASDESDE$388.99(3D\u00edasDisney1D\u00edadeRegaloenParquesTem\u00e1ticos)\" tabindex=\"-1\" target=\"_blank\" rel=\"noopener\"><img decoding=\"async\" width=\"768\" height=\"960\" src=\"https:\/\/www.viajaorlandobarato.com\/wp-content\/uploads\/2026\/01\/Disney_Mesa-de-trabajo-1-copia-2-1.jpg\" class=\"elementor-animation-pulse-grow attachment-medium_large size-medium_large wp-image-934\" alt=\"\" srcset=\"https:\/\/www.viajaorlandobarato.com\/wp-content\/uploads\/2026\/01\/Disney_Mesa-de-trabajo-1-copia-2-1.jpg 2048w, https:\/\/www.viajaorlandobarato.com\/wp-content\/uploads\/2026\/01\/Disney_Mesa-de-trabajo-1-copia-2-1-240x300.jpg 240w, https:\/\/www.viajaorlandobarato.com\/wp-content\/uploads\/2026\/01\/Disney_Mesa-de-trabajo-1-copia-2-1-819x1024.jpg 819w, https:\/\/www.viajaorlandobarato.com\/wp-content\/uploads\/2026\/01\/Disney_Mesa-de-trabajo-1-copia-2-1-768x960.jpg 768w, https:\/\/www.viajaorlandobarato.com\/wp-content\/uploads\/2026\/01\/Disney_Mesa-de-trabajo-1-copia-2-1-1229x1536.jpg 1229w, https:\/\/www.viajaorlandobarato.com\/wp-content\/uploads\/2026\/01\/Disney_Mesa-de-trabajo-1-copia-2-1-1638x2048.jpg 1638w, https:\/\/www.viajaorlandobarato.com\/wp-content\/uploads\/2026\/01\/Disney_Mesa-de-trabajo-1-copia-2-1-10x12.jpg 10w\" sizes=\"(max-width: 768px) 100vw, 768px\" \/><\/a><\/figure><div class=\"elementor-image-box-content\"><h3 class=\"elementor-image-box-title\"><a href=\"https:\/\/api.whatsapp.com\/send\/?phone=14077380415&amp;text=Hola,solicitoinformaci\u00f3nsobre:3D\u00cdASDESDE$388.99(3D\u00edasDisney1D\u00edadeRegaloenParquesTem\u00e1ticos)\" target=\"_blank\" rel=\"noopener\">4 DAYS FROM $388.99<\/a><\/h3><p class=\"elementor-image-box-description\">3 Disney Days + 1 Bonus Day (Total 4 Days) Experience the full Walt Disney World experience with a <br>An itinerary designed for total adventure. With 4 days at your disposal, you can marvel at the show of <br>Fireworks at the castle, travel to distant galaxies, and connect with wild nature. Guaranteed access <br>Choose your preferred parks from:<br><br><b><i>-Magic Kingdom.<br>-EPCOT.<br>-Hollywood Studios.<br>-Animal Kingdom.<\/i><\/b><br><b><i>1 Free Day at one of the water parks:<br>- Typhoon Lagoon.<br>- Blizzard Beach.<\/i><\/b><br><br><u><b>Certain conditions apply.<\/b><\/u><\/p><\/div><\/div>\t\t\t\t<\/div>\n\t\t\t\t<div class=\"elementor-element elementor-element-889598e elementor-widget-divider--view-line elementor-widget elementor-widget-divider\" data-id=\"889598e\" data-element_type=\"widget\" data-e-type=\"widget\" data-widget_type=\"divider.default\">\n\t\t\t\t\t\t\t<div class=\"elementor-divider\">\n\t\t\t<span class=\"elementor-divider-separator\">\n\t\t\t\t\t\t<\/span>\n\t\t<\/div>\n\t\t\t\t\t\t<\/div>\n\t\t\t\t<div class=\"elementor-element elementor-element-9dc5c0b elementor-position-right elementor-vertical-align-middle elementor-position-right elementor-vertical-align-middle elementor-widget elementor-widget-image-box\" data-id=\"9dc5c0b\" data-element_type=\"widget\" data-e-type=\"widget\" data-widget_type=\"image-box.default\">\n\t\t\t\t\t<div class=\"elementor-image-box-wrapper\"><figure class=\"elementor-image-box-img\"><a href=\"https:\/\/api.whatsapp.com\/send\/?phone=14077380415&amp;text=Hola,solicitoinformaci\u00f3nsobre:4D\u00cdASDESDE$484.99(4D\u00edasDisney1D\u00edadeRegaloenParquesTem\u00e1ticos)\" tabindex=\"-1\" target=\"_blank\" rel=\"noopener\"><img loading=\"lazy\" decoding=\"async\" width=\"768\" height=\"960\" src=\"https:\/\/www.viajaorlandobarato.com\/wp-content\/uploads\/2026\/01\/Disney_Mesa-de-trabajo-1-copia-3-1-1.jpg\" class=\"elementor-animation-pulse-grow attachment-medium_large size-medium_large wp-image-935\" alt=\"\" srcset=\"https:\/\/www.viajaorlandobarato.com\/wp-content\/uploads\/2026\/01\/Disney_Mesa-de-trabajo-1-copia-3-1-1.jpg 2048w, https:\/\/www.viajaorlandobarato.com\/wp-content\/uploads\/2026\/01\/Disney_Mesa-de-trabajo-1-copia-3-1-1-240x300.jpg 240w, https:\/\/www.viajaorlandobarato.com\/wp-content\/uploads\/2026\/01\/Disney_Mesa-de-trabajo-1-copia-3-1-1-819x1024.jpg 819w, https:\/\/www.viajaorlandobarato.com\/wp-content\/uploads\/2026\/01\/Disney_Mesa-de-trabajo-1-copia-3-1-1-768x960.jpg 768w, https:\/\/www.viajaorlandobarato.com\/wp-content\/uploads\/2026\/01\/Disney_Mesa-de-trabajo-1-copia-3-1-1-1229x1536.jpg 1229w, https:\/\/www.viajaorlandobarato.com\/wp-content\/uploads\/2026\/01\/Disney_Mesa-de-trabajo-1-copia-3-1-1-1638x2048.jpg 1638w, https:\/\/www.viajaorlandobarato.com\/wp-content\/uploads\/2026\/01\/Disney_Mesa-de-trabajo-1-copia-3-1-1-10x12.jpg 10w\" sizes=\"(max-width: 768px) 100vw, 768px\" \/><\/a><\/figure><div class=\"elementor-image-box-content\"><h3 class=\"elementor-image-box-title\"><a href=\"https:\/\/api.whatsapp.com\/send\/?phone=14077380415&amp;text=Hola,solicitoinformaci\u00f3nsobre:4D\u00cdASDESDE$484.99(4D\u00edasDisney1D\u00edadeRegaloenParquesTem\u00e1ticos)\" target=\"_blank\" rel=\"noopener\">5 DAYS FROM $484.99<\/a><\/h3><p class=\"elementor-image-box-description\">4 Disney Days + 1 Gift Day (Total 5 Days) This is the ultimate expression of an unforgettable vacation. <br>Five days of pure magic allow you to immerse yourself deeply in every detail, from the gastronomy <br>international to the most exciting expeditions, making sure you don't leave any corner unexplored. <br>Enjoy all the magic to the fullest at:<br><br><b><i>-Magic Kingdom.<br>-EPCOT.<br>-Hollywood Studios.<br>-Animal Kingdom.<br>1 Free Day at one of the water parks:<br>- Typhoon Lagoon.<br>- Blizzard Beach.<br><br><\/i><u>Certain conditions apply.<\/u><\/b><u><\/u><\/p><\/div><\/div>\t\t\t\t<\/div>\n\t\t\t\t\t<\/div>\n\t\t\t\t<\/div>\n\t\t\t\t<\/div>","protected":false},"excerpt":{"rendered":"<p>1 D\u00cdA DESDE $189.99 Sum\u00e9rgete en un mundo donde las historias cobran vida y los sue\u00f1os se hacen realidad. Disfruta [&hellip;]<\/p>\n","protected":false},"author":1,"featured_media":0,"parent":305,"menu_order":5,"comment_status":"closed","ping_status":"closed","template":"","meta":{"site-sidebar-layout":"no-sidebar","site-content-layout":"","ast-site-content-layout":"full-width-container","site-content-style":"default","site-sidebar-style":"default","ast-global-header-display":"","ast-banner-title-visibility":"","ast-main-header-display":"","ast-hfb-above-header-display":"","ast-hfb-below-header-display":"","ast-hfb-mobile-header-display":"","site-post-title":"disabled","ast-breadcrumbs-content":"","ast-featured-img":"disabled","footer-sml-layout":"","ast-disable-related-posts":"","theme-transparent-header-meta":"","adv-header-id-meta":"","stick-header-meta":"","header-above-stick-meta":"","header-main-stick-meta":"","header-below-stick-meta":"","astra-migrate-meta-layouts":"default","ast-page-background-enabled":"default","ast-page-background-meta":{"desktop":{"background-color":"var(--ast-global-color-5)","background-image":"","background-repeat":"repeat","background-position":"center center","background-size":"auto","background-attachment":"scroll","background-type":"","background-media":"","overlay-type":"","overlay-color":"","overlay-opacity":"","overlay-gradient":""},"tablet":{"background-color":"","background-image":"","background-repeat":"repeat","background-position":"center center","background-size":"auto","background-attachment":"scroll","background-type":"","background-media":"","overlay-type":"","overlay-color":"","overlay-opacity":"","overlay-gradient":""},"mobile":{"background-color":"","background-image":"","background-repeat":"repeat","background-position":"center center","background-size":"auto","background-attachment":"scroll","background-type":"","background-media":"","overlay-type":"","overlay-color":"","overlay-opacity":"","overlay-gradient":""}},"ast-content-background-meta":{"desktop":{"background-color":"var(--ast-global-color-4)","background-image":"","background-repeat":"repeat","background-position":"center center","background-size":"auto","background-attachment":"scroll","background-type":"","background-media":"","overlay-type":"","overlay-color":"","overlay-opacity":"","overlay-gradient":""},"tablet":{"background-color":"var(--ast-global-color-4)","background-image":"","background-repeat":"repeat","background-position":"center center","background-size":"auto","background-attachment":"scroll","background-type":"","background-media":"","overlay-type":"","overlay-color":"","overlay-opacity":"","overlay-gradient":""},"mobile":{"background-color":"var(--ast-global-color-4)","background-image":"","background-repeat":"repeat","background-position":"center center","background-size":"auto","background-attachment":"scroll","background-type":"","background-media":"","overlay-type":"","overlay-color":"","overlay-opacity":"","overlay-gradient":""}},"footnotes":""},"class_list":["post-822","page","type-page","status-publish","hentry"],"aioseo_notices":[],"_links":{"self":[{"href":"https:\/\/www.viajaorlandobarato.com\/en\/wp-json\/wp\/v2\/pages\/822","targetHints":{"allow":["GET"]}}],"collection":[{"href":"https:\/\/www.viajaorlandobarato.com\/en\/wp-json\/wp\/v2\/pages"}],"about":[{"href":"https:\/\/www.viajaorlandobarato.com\/en\/wp-json\/wp\/v2\/types\/page"}],"author":[{"embeddable":true,"href":"https:\/\/www.viajaorlandobarato.com\/en\/wp-json\/wp\/v2\/users\/1"}],"replies":[{"embeddable":true,"href":"https:\/\/www.viajaorlandobarato.com\/en\/wp-json\/wp\/v2\/comments?post=822"}],"version-history":[{"count":10,"href":"https:\/\/www.viajaorlandobarato.com\/en\/wp-json\/wp\/v2\/pages\/822\/revisions"}],"predecessor-version":[{"id":1063,"href":"https:\/\/www.viajaorlandobarato.com\/en\/wp-json\/wp\/v2\/pages\/822\/revisions\/1063"}],"up":[{"embeddable":true,"href":"https:\/\/www.viajaorlandobarato.com\/en\/wp-json\/wp\/v2\/pages\/305"}],"wp:attachment":[{"href":"https:\/\/www.viajaorlandobarato.com\/en\/wp-json\/wp\/v2\/media?parent=822"}],"curies":[{"name":"wp","href":"https:\/\/api.w.org\/{rel}","templated":true}]}}