{"id":366,"date":"2025-12-29T17:58:14","date_gmt":"2025-12-29T17:58:14","guid":{"rendered":"https:\/\/www.viajaorlandobarato.com\/?page_id=366"},"modified":"2026-01-20T14:38:29","modified_gmt":"2026-01-20T14:38:29","slug":"legoland-florida","status":"publish","type":"page","link":"https:\/\/www.viajaorlandobarato.com\/en\/servicios\/tickets-a-parques\/legoland-florida\/","title":{"rendered":"Legoland Florida"},"content":{"rendered":"<div data-elementor-type=\"wp-page\" data-elementor-id=\"366\" class=\"elementor elementor-366\">\n\t\t\t\t<div class=\"elementor-element elementor-element-30149e5 e-flex e-con-boxed e-con e-parent\" data-id=\"30149e5\" data-element_type=\"container\" data-e-type=\"container\">\n\t\t\t\t\t<div class=\"e-con-inner\">\n\t\t\t\t<div class=\"elementor-element elementor-element-93bbbdf elementor-position-right elementor-vertical-align-middle elementor-position-right elementor-vertical-align-middle elementor-widget elementor-widget-image-box\" data-id=\"93bbbdf\" data-element_type=\"widget\" data-e-type=\"widget\" data-widget_type=\"image-box.default\">\n\t\t\t\t\t<div class=\"elementor-image-box-wrapper\"><figure class=\"elementor-image-box-img\"><a href=\"https:\/\/api.whatsapp.com\/send\/?phone=14077380415&amp;text=Hola,solicitom\u00e1sinformaci\u00f3nsobrelaoferta:1PARQUEDESDE$108.99(LegolandGA)\" tabindex=\"-1\" target=\"_blank\" rel=\"noopener\"><img fetchpriority=\"high\" decoding=\"async\" width=\"768\" height=\"960\" src=\"https:\/\/www.viajaorlandobarato.com\/wp-content\/uploads\/2026\/01\/LEGOLAND-PROMOCIONES-PAGINA-INGLES_Mesa-de-trabajo-1.jpg\" class=\"elementor-animation-pulse-grow attachment-medium_large size-medium_large wp-image-896\" alt=\"\" \/><\/a><\/figure><div class=\"elementor-image-box-content\"><h3 class=\"elementor-image-box-title\"><a href=\"https:\/\/api.whatsapp.com\/send\/?phone=14077380415&amp;text=Hola,solicitom\u00e1sinformaci\u00f3nsobrelaoferta:1PARQUEDESDE$108.99(LegolandGA)\" target=\"_blank\" rel=\"noopener\">1 PARK FROM $108.99<\/a><\/h3><p class=\"elementor-image-box-description\">Where Creativity Knows No Limits. Build unforgettable memories in a designed world. <br>Specifically for the little ones and fans of the world's most famous building blocks. Enjoy! <br>of themed roller coasters, live shows and interactive construction zones at:<br><b><i><br>-LEGOLAND Florida Theme Park.<br><\/i><u><br>Certain conditions apply.<\/u><\/b><\/p><\/div><\/div>\t\t\t\t<\/div>\n\t\t\t\t<div class=\"elementor-element elementor-element-c1ea521 elementor-widget-divider--view-line elementor-widget elementor-widget-divider\" data-id=\"c1ea521\" data-element_type=\"widget\" data-e-type=\"widget\" data-widget_type=\"divider.default\">\n\t\t\t\t\t\t\t<div class=\"elementor-divider\">\n\t\t\t<span class=\"elementor-divider-separator\">\n\t\t\t\t\t\t<\/span>\n\t\t<\/div>\n\t\t\t\t\t\t<\/div>\n\t\t\t\t\t<\/div>\n\t\t\t\t<\/div>\n\t\t<div class=\"elementor-element elementor-element-5262e75 e-flex e-con-boxed e-con e-parent\" data-id=\"5262e75\" data-element_type=\"container\" data-e-type=\"container\">\n\t\t\t\t\t<div class=\"e-con-inner\">\n\t\t\t\t<div class=\"elementor-element elementor-element-b723bad elementor-position-right elementor-vertical-align-middle elementor-position-right elementor-vertical-align-middle elementor-widget elementor-widget-image-box\" data-id=\"b723bad\" data-element_type=\"widget\" data-e-type=\"widget\" data-widget_type=\"image-box.default\">\n\t\t\t\t\t<div class=\"elementor-image-box-wrapper\"><figure class=\"elementor-image-box-img\"><a href=\"https:\/\/api.whatsapp.com\/send\/?phone=14077380415&amp;text=Hola,deseoinformaci\u00f3nsobreelpaquete:2PARQUESDESDE$125.99(LegolandWP)\" tabindex=\"-1\" target=\"_blank\" rel=\"noopener\"><img decoding=\"async\" width=\"768\" height=\"960\" src=\"https:\/\/www.viajaorlandobarato.com\/wp-content\/uploads\/2026\/01\/LEGOLAND-PROMOCIONES-PAGINA-INGLES-02.jpg\" class=\"elementor-animation-pulse-grow attachment-medium_large size-medium_large wp-image-897\" alt=\"\" \/><\/a><\/figure><div class=\"elementor-image-box-content\"><h3 class=\"elementor-image-box-title\"><a href=\"https:\/\/api.whatsapp.com\/send\/?phone=14077380415&amp;text=Hola,deseoinformaci\u00f3nsobreelpaquete:2PARQUESDESDE$125.99(LegolandWP)\" target=\"_blank\" rel=\"noopener\">2 PARKS FROM $125.99<\/a><\/h3><p class=\"elementor-image-box-description\">Construction and Water Fun! Take the adventure to the next level by combining the magic of blocks <br>With the coolness of the water! Slide down exciting water slides, build your own LEGO raft and enjoy <br>of a day full of sun and creativity in:<br><b><i><br>-LEGOLAND Florida Theme Park.<br>-LEGOLAND Water Park.<br><\/i><u><br>Certain conditions apply.<\/u><\/b><\/p><\/div><\/div>\t\t\t\t<\/div>\n\t\t\t\t<div class=\"elementor-element elementor-element-58c1117 elementor-widget-divider--view-line elementor-widget elementor-widget-divider\" data-id=\"58c1117\" data-element_type=\"widget\" data-e-type=\"widget\" data-widget_type=\"divider.default\">\n\t\t\t\t\t\t\t<div class=\"elementor-divider\">\n\t\t\t<span class=\"elementor-divider-separator\">\n\t\t\t\t\t\t<\/span>\n\t\t<\/div>\n\t\t\t\t\t\t<\/div>\n\t\t\t\t<div class=\"elementor-element elementor-element-d0b57ef elementor-position-right elementor-vertical-align-middle elementor-position-right elementor-vertical-align-middle elementor-widget elementor-widget-image-box\" data-id=\"d0b57ef\" data-element_type=\"widget\" data-e-type=\"widget\" data-widget_type=\"image-box.default\">\n\t\t\t\t\t<div class=\"elementor-image-box-wrapper\"><figure class=\"elementor-image-box-img\"><a href=\"https:\/\/api.whatsapp.com\/send\/?phone=14077380415&amp;text=Hola,%20me%20interesa%20el%20paquete:%202%20PARQUES%20DESDE%20$125.99%20(Legoland%20%2B%20PP)\" tabindex=\"-1\" target=\"_blank\" rel=\"noopener\"><img decoding=\"async\" width=\"768\" height=\"960\" src=\"https:\/\/www.viajaorlandobarato.com\/wp-content\/uploads\/2026\/01\/LEGOLAND-PROMOCIONES-PAGINA-INGLES-03.jpg\" class=\"elementor-animation-pulse-grow attachment-medium_large size-medium_large wp-image-898\" alt=\"\" \/><\/a><\/figure><div class=\"elementor-image-box-content\"><h3 class=\"elementor-image-box-title\"><a href=\"https:\/\/api.whatsapp.com\/send\/?phone=14077380415&amp;text=Hola,%20me%20interesa%20el%20paquete:%202%20PARQUES%20DESDE%20$125.99%20(Legoland%20%2B%20PP)\" target=\"_blank\" rel=\"noopener\">2 PARKS FROM $125.99<\/a><\/h3><p class=\"elementor-image-box-description\">The Perfect Day for Little Adventurers Create a doubly special experience by uniting the world <br>LEGO set featuring the enchanting world of Peppa Pig. A pack designed for the first adventures of children. <br>children, where they can jump in mud puddles and build dreams in:<br><b><i><br>-LEGOLAND Florida Theme Park.<br>-Peppa Pig Theme Park.<br><\/i><u><br>Certain conditions apply.<\/u><\/b><\/p><\/div><\/div>\t\t\t\t<\/div>\n\t\t\t\t\t<\/div>\n\t\t\t\t<\/div>\n\t\t\t\t<\/div>","protected":false},"excerpt":{"rendered":"<p>1 PARQUE DESDE $108.99 Donde la Creatividad no Tiene L\u00edmites Construye recuerdos inolvidables en un mundo dise\u00f1ado espec\u00edficamente para los [&hellip;]<\/p>\n","protected":false},"author":1,"featured_media":0,"parent":305,"menu_order":2,"comment_status":"closed","ping_status":"closed","template":"","meta":{"site-sidebar-layout":"no-sidebar","site-content-layout":"","ast-site-content-layout":"full-width-container","site-content-style":"default","site-sidebar-style":"default","ast-global-header-display":"","ast-banner-title-visibility":"","ast-main-header-display":"","ast-hfb-above-header-display":"","ast-hfb-below-header-display":"","ast-hfb-mobile-header-display":"","site-post-title":"disabled","ast-breadcrumbs-content":"","ast-featured-img":"disabled","footer-sml-layout":"","ast-disable-related-posts":"","theme-transparent-header-meta":"","adv-header-id-meta":"","stick-header-meta":"","header-above-stick-meta":"","header-main-stick-meta":"","header-below-stick-meta":"","astra-migrate-meta-layouts":"default","ast-page-background-enabled":"default","ast-page-background-meta":{"desktop":{"background-color":"var(--ast-global-color-5)","background-image":"","background-repeat":"repeat","background-position":"center center","background-size":"auto","background-attachment":"scroll","background-type":"","background-media":"","overlay-type":"","overlay-color":"","overlay-opacity":"","overlay-gradient":""},"tablet":{"background-color":"","background-image":"","background-repeat":"repeat","background-position":"center center","background-size":"auto","background-attachment":"scroll","background-type":"","background-media":"","overlay-type":"","overlay-color":"","overlay-opacity":"","overlay-gradient":""},"mobile":{"background-color":"","background-image":"","background-repeat":"repeat","background-position":"center center","background-size":"auto","background-attachment":"scroll","background-type":"","background-media":"","overlay-type":"","overlay-color":"","overlay-opacity":"","overlay-gradient":""}},"ast-content-background-meta":{"desktop":{"background-color":"var(--ast-global-color-4)","background-image":"","background-repeat":"repeat","background-position":"center center","background-size":"auto","background-attachment":"scroll","background-type":"","background-media":"","overlay-type":"","overlay-color":"","overlay-opacity":"","overlay-gradient":""},"tablet":{"background-color":"var(--ast-global-color-4)","background-image":"","background-repeat":"repeat","background-position":"center center","background-size":"auto","background-attachment":"scroll","background-type":"","background-media":"","overlay-type":"","overlay-color":"","overlay-opacity":"","overlay-gradient":""},"mobile":{"background-color":"var(--ast-global-color-4)","background-image":"","background-repeat":"repeat","background-position":"center center","background-size":"auto","background-attachment":"scroll","background-type":"","background-media":"","overlay-type":"","overlay-color":"","overlay-opacity":"","overlay-gradient":""}},"footnotes":""},"class_list":["post-366","page","type-page","status-publish","hentry"],"aioseo_notices":[],"_links":{"self":[{"href":"https:\/\/www.viajaorlandobarato.com\/en\/wp-json\/wp\/v2\/pages\/366","targetHints":{"allow":["GET"]}}],"collection":[{"href":"https:\/\/www.viajaorlandobarato.com\/en\/wp-json\/wp\/v2\/pages"}],"about":[{"href":"https:\/\/www.viajaorlandobarato.com\/en\/wp-json\/wp\/v2\/types\/page"}],"author":[{"embeddable":true,"href":"https:\/\/www.viajaorlandobarato.com\/en\/wp-json\/wp\/v2\/users\/1"}],"replies":[{"embeddable":true,"href":"https:\/\/www.viajaorlandobarato.com\/en\/wp-json\/wp\/v2\/comments?post=366"}],"version-history":[{"count":10,"href":"https:\/\/www.viajaorlandobarato.com\/en\/wp-json\/wp\/v2\/pages\/366\/revisions"}],"predecessor-version":[{"id":1066,"href":"https:\/\/www.viajaorlandobarato.com\/en\/wp-json\/wp\/v2\/pages\/366\/revisions\/1066"}],"up":[{"embeddable":true,"href":"https:\/\/www.viajaorlandobarato.com\/en\/wp-json\/wp\/v2\/pages\/305"}],"wp:attachment":[{"href":"https:\/\/www.viajaorlandobarato.com\/en\/wp-json\/wp\/v2\/media?parent=366"}],"curies":[{"name":"wp","href":"https:\/\/api.w.org\/{rel}","templated":true}]}}