{"id":354,"date":"2025-12-29T17:41:35","date_gmt":"2025-12-29T17:41:35","guid":{"rendered":"https:\/\/www.viajaorlandobarato.com\/?page_id=354"},"modified":"2026-01-20T20:11:53","modified_gmt":"2026-01-20T20:11:53","slug":"universal-orlando-resort","status":"publish","type":"page","link":"https:\/\/www.viajaorlandobarato.com\/en\/servicios\/tickets-a-parques\/universal-orlando-resort\/","title":{"rendered":"Universal Orlando Resort"},"content":{"rendered":"<div data-elementor-type=\"wp-page\" data-elementor-id=\"354\" class=\"elementor elementor-354\">\n\t\t\t\t<div class=\"elementor-element elementor-element-31c1a47 e-flex e-con-boxed e-con e-parent\" data-id=\"31c1a47\" data-element_type=\"container\" data-e-type=\"container\">\n\t\t\t\t\t<div class=\"e-con-inner\">\n\t\t\t\t<div class=\"elementor-element elementor-element-581ddf3 elementor-position-right elementor-vertical-align-middle elementor-position-right elementor-vertical-align-middle elementor-widget elementor-widget-image-box\" data-id=\"581ddf3\" data-element_type=\"widget\" data-e-type=\"widget\" data-widget_type=\"image-box.default\">\n\t\t\t\t\t<div class=\"elementor-image-box-wrapper\"><figure class=\"elementor-image-box-img\"><a href=\"https:\/\/api.whatsapp.com\/send\/?phone=14077380415&amp;text=Hola,solicitoinformaci\u00f3nsobre:1D\u00cdADESDE$209.99(1DIAPARKTOPARKUNIVERSALSTUDIOSISLANDOFADVENTURE)\" tabindex=\"-1\" target=\"_blank\" rel=\"noopener\"><img fetchpriority=\"high\" decoding=\"async\" width=\"768\" height=\"960\" src=\"https:\/\/www.viajaorlandobarato.com\/wp-content\/uploads\/2026\/01\/Universal-1-INGLES_Mesa-de-trabajo-1.jpg\" class=\"elementor-animation-pulse-grow attachment-medium_large size-medium_large wp-image-922\" alt=\"\" srcset=\"https:\/\/www.viajaorlandobarato.com\/wp-content\/uploads\/2026\/01\/Universal-1-INGLES_Mesa-de-trabajo-1.jpg 2048w, https:\/\/www.viajaorlandobarato.com\/wp-content\/uploads\/2026\/01\/Universal-1-INGLES_Mesa-de-trabajo-1-240x300.jpg 240w, https:\/\/www.viajaorlandobarato.com\/wp-content\/uploads\/2026\/01\/Universal-1-INGLES_Mesa-de-trabajo-1-819x1024.jpg 819w, https:\/\/www.viajaorlandobarato.com\/wp-content\/uploads\/2026\/01\/Universal-1-INGLES_Mesa-de-trabajo-1-768x960.jpg 768w, https:\/\/www.viajaorlandobarato.com\/wp-content\/uploads\/2026\/01\/Universal-1-INGLES_Mesa-de-trabajo-1-1229x1536.jpg 1229w, https:\/\/www.viajaorlandobarato.com\/wp-content\/uploads\/2026\/01\/Universal-1-INGLES_Mesa-de-trabajo-1-1638x2048.jpg 1638w, https:\/\/www.viajaorlandobarato.com\/wp-content\/uploads\/2026\/01\/Universal-1-INGLES_Mesa-de-trabajo-1-10x12.jpg 10w\" sizes=\"(max-width: 768px) 100vw, 768px\" \/><\/a><\/figure><div class=\"elementor-image-box-content\"><h3 class=\"elementor-image-box-title\"><a href=\"https:\/\/api.whatsapp.com\/send\/?phone=14077380415&amp;text=Hola,solicitoinformaci\u00f3nsobre:1D\u00cdADESDE$209.99(1DIAPARKTOPARKUNIVERSALSTUDIOSISLANDOFADVENTURE)\" target=\"_blank\" rel=\"noopener\">1 DAY FROM $209.99<\/a><\/h3><p class=\"elementor-image-box-description\">1 Day Park to Park Experience the ultimate thrill by hopping between two incredible worlds in a single day. <br>Enjoy the best movie attractions and travel through magical lands. Includes:<br><b><i><br>-Universal Studios Florida.<br>-Universal Islands of Adventure.<br>-Free Hogwarts Express train.<br><\/i><u><br>Certain conditions apply.<\/u><\/b>\n<\/p><\/div><\/div>\t\t\t\t<\/div>\n\t\t\t\t<div class=\"elementor-element elementor-element-6c1451b elementor-widget-divider--view-line elementor-widget elementor-widget-divider\" data-id=\"6c1451b\" data-element_type=\"widget\" data-e-type=\"widget\" data-widget_type=\"divider.default\">\n\t\t\t\t\t\t\t<div class=\"elementor-divider\">\n\t\t\t<span class=\"elementor-divider-separator\">\n\t\t\t\t\t\t<\/span>\n\t\t<\/div>\n\t\t\t\t\t\t<\/div>\n\t\t\t\t\t<\/div>\n\t\t\t\t<\/div>\n\t\t<div class=\"elementor-element elementor-element-64a41b0 e-flex e-con-boxed e-con e-parent\" data-id=\"64a41b0\" data-element_type=\"container\" data-e-type=\"container\">\n\t\t\t\t\t<div class=\"e-con-inner\">\n\t\t\t\t<div class=\"elementor-element elementor-element-560dc17 elementor-position-right elementor-vertical-align-middle elementor-position-right elementor-vertical-align-middle elementor-widget elementor-widget-image-box\" data-id=\"560dc17\" data-element_type=\"widget\" data-e-type=\"widget\" data-widget_type=\"image-box.default\">\n\t\t\t\t\t<div class=\"elementor-image-box-wrapper\"><figure class=\"elementor-image-box-img\"><a href=\"https:\/\/api.whatsapp.com\/send\/?phone=14077380415&amp;text=Hola,solicitoinformaci\u00f3nsobre:2D\u00cdASDESDE$305.99(2PARQUESPARKTOPARKUNIVERSALSTUDIOSISLANDOFADVENTURE)\" tabindex=\"-1\" target=\"_blank\" rel=\"noopener\"><img decoding=\"async\" width=\"768\" height=\"960\" src=\"https:\/\/www.viajaorlandobarato.com\/wp-content\/uploads\/2026\/01\/Universal-1-INGLES_Mesa-de-trabajo-1-copia.jpg\" class=\"elementor-animation-pulse-grow attachment-medium_large size-medium_large wp-image-923\" alt=\"\" srcset=\"https:\/\/www.viajaorlandobarato.com\/wp-content\/uploads\/2026\/01\/Universal-1-INGLES_Mesa-de-trabajo-1-copia.jpg 2048w, https:\/\/www.viajaorlandobarato.com\/wp-content\/uploads\/2026\/01\/Universal-1-INGLES_Mesa-de-trabajo-1-copia-240x300.jpg 240w, https:\/\/www.viajaorlandobarato.com\/wp-content\/uploads\/2026\/01\/Universal-1-INGLES_Mesa-de-trabajo-1-copia-819x1024.jpg 819w, https:\/\/www.viajaorlandobarato.com\/wp-content\/uploads\/2026\/01\/Universal-1-INGLES_Mesa-de-trabajo-1-copia-768x960.jpg 768w, https:\/\/www.viajaorlandobarato.com\/wp-content\/uploads\/2026\/01\/Universal-1-INGLES_Mesa-de-trabajo-1-copia-1229x1536.jpg 1229w, https:\/\/www.viajaorlandobarato.com\/wp-content\/uploads\/2026\/01\/Universal-1-INGLES_Mesa-de-trabajo-1-copia-1638x2048.jpg 1638w, https:\/\/www.viajaorlandobarato.com\/wp-content\/uploads\/2026\/01\/Universal-1-INGLES_Mesa-de-trabajo-1-copia-10x12.jpg 10w\" sizes=\"(max-width: 768px) 100vw, 768px\" \/><\/a><\/figure><div class=\"elementor-image-box-content\"><h3 class=\"elementor-image-box-title\"><a href=\"https:\/\/api.whatsapp.com\/send\/?phone=14077380415&amp;text=Hola,solicitoinformaci\u00f3nsobre:2D\u00cdASDESDE$305.99(2PARQUESPARKTOPARKUNIVERSALSTUDIOSISLANDOFADVENTURE)\" target=\"_blank\" rel=\"noopener\">2 DAYS FROM $305.99<\/a><\/h3><p class=\"elementor-image-box-description\">2 Parks Park to Park Double day of adrenaline to explore every corner of your favorite stories. <br>You will have full access to cross from one park to another as many times as you want using:<br><b><i><br>-Universal Studios Florida.<br>-Universal Islands of Adventure.<br>-Free Hogwarts Express train.<br><\/i><u><br>Certain conditions apply.<\/u><\/b><\/p><\/div><\/div>\t\t\t\t<\/div>\n\t\t\t\t<div class=\"elementor-element elementor-element-7160328 elementor-widget-divider--view-line elementor-widget elementor-widget-divider\" data-id=\"7160328\" data-element_type=\"widget\" data-e-type=\"widget\" data-widget_type=\"divider.default\">\n\t\t\t\t\t\t\t<div class=\"elementor-divider\">\n\t\t\t<span class=\"elementor-divider-separator\">\n\t\t\t\t\t\t<\/span>\n\t\t<\/div>\n\t\t\t\t\t\t<\/div>\n\t\t\t\t\t<\/div>\n\t\t\t\t<\/div>\n\t\t<div class=\"elementor-element elementor-element-8313840 e-flex e-con-boxed e-con e-parent\" data-id=\"8313840\" data-element_type=\"container\" data-e-type=\"container\">\n\t\t\t\t\t<div class=\"e-con-inner\">\n\t\t\t\t<div class=\"elementor-element elementor-element-a59736a elementor-position-right elementor-vertical-align-middle elementor-position-right elementor-vertical-align-middle elementor-widget elementor-widget-image-box\" data-id=\"a59736a\" data-element_type=\"widget\" data-e-type=\"widget\" data-widget_type=\"image-box.default\">\n\t\t\t\t\t<div class=\"elementor-image-box-wrapper\"><figure class=\"elementor-image-box-img\"><a href=\"https:\/\/api.whatsapp.com\/send\/?phone=14077380415&amp;text=Hola,solicitoinformaci\u00f3nsobre:2D\u00cdASDESDE$354.99(1DIAPARKTOPARKUNIVERSALSTUDIOSISLANDOFADVENTURE1DIAEPICUNIVERSE)\" tabindex=\"-1\" target=\"_blank\" rel=\"noopener\"><img decoding=\"async\" width=\"768\" height=\"960\" src=\"https:\/\/www.viajaorlandobarato.com\/wp-content\/uploads\/2026\/01\/Universal-1-INGLES_Mesa-de-trabajo-1-copia-2.jpg\" class=\"elementor-animation-pulse-grow attachment-full size-full wp-image-925\" alt=\"\" srcset=\"https:\/\/www.viajaorlandobarato.com\/wp-content\/uploads\/2026\/01\/Universal-1-INGLES_Mesa-de-trabajo-1-copia-2.jpg 2048w, https:\/\/www.viajaorlandobarato.com\/wp-content\/uploads\/2026\/01\/Universal-1-INGLES_Mesa-de-trabajo-1-copia-2-240x300.jpg 240w, https:\/\/www.viajaorlandobarato.com\/wp-content\/uploads\/2026\/01\/Universal-1-INGLES_Mesa-de-trabajo-1-copia-2-819x1024.jpg 819w, https:\/\/www.viajaorlandobarato.com\/wp-content\/uploads\/2026\/01\/Universal-1-INGLES_Mesa-de-trabajo-1-copia-2-768x960.jpg 768w, https:\/\/www.viajaorlandobarato.com\/wp-content\/uploads\/2026\/01\/Universal-1-INGLES_Mesa-de-trabajo-1-copia-2-1229x1536.jpg 1229w, https:\/\/www.viajaorlandobarato.com\/wp-content\/uploads\/2026\/01\/Universal-1-INGLES_Mesa-de-trabajo-1-copia-2-1638x2048.jpg 1638w, https:\/\/www.viajaorlandobarato.com\/wp-content\/uploads\/2026\/01\/Universal-1-INGLES_Mesa-de-trabajo-1-copia-2-10x12.jpg 10w\" sizes=\"(max-width: 768px) 100vw, 768px\" \/><\/a><\/figure><div class=\"elementor-image-box-content\"><h3 class=\"elementor-image-box-title\"><a href=\"https:\/\/api.whatsapp.com\/send\/?phone=14077380415&amp;text=Hola,solicitoinformaci\u00f3nsobre:2D\u00cdASDESDE$354.99(1DIAPARKTOPARKUNIVERSALSTUDIOSISLANDOFADVENTURE1DIAEPICUNIVERSE)\" target=\"_blank\" rel=\"noopener\">2 DAYS FROM $354.99<\/a><\/h3><p class=\"elementor-image-box-description\">Multiverse Combo: Park to Park + Epic Universe Be among the first to experience the amazing new Multiverse: Park to Park + Epic Universe<br>Multiverse Combo: Park to Park + Epic Universe Be among the first to experience the amazing new Multiverse: Park to Park + Epic Universe<br><b><i><br>-Universal Studios Florida + Islands of Adventure (1 day).<br>-Universal Epic Universe (1 day).<br>-Free Hogwarts Express train.<\/i><\/b><br><br><b><u>Certain conditions apply.<\/u><\/b><\/p><\/div><\/div>\t\t\t\t<\/div>\n\t\t\t\t<div class=\"elementor-element elementor-element-a65f530 elementor-widget-divider--view-line elementor-widget elementor-widget-divider\" data-id=\"a65f530\" data-element_type=\"widget\" data-e-type=\"widget\" data-widget_type=\"divider.default\">\n\t\t\t\t\t\t\t<div class=\"elementor-divider\">\n\t\t\t<span class=\"elementor-divider-separator\">\n\t\t\t\t\t\t<\/span>\n\t\t<\/div>\n\t\t\t\t\t\t<\/div>\n\t\t\t\t\t<\/div>\n\t\t\t\t<\/div>\n\t\t<div class=\"elementor-element elementor-element-468eee0 e-flex e-con-boxed e-con e-parent\" data-id=\"468eee0\" data-element_type=\"container\" data-e-type=\"container\">\n\t\t\t\t\t<div class=\"e-con-inner\">\n\t\t\t\t<div class=\"elementor-element elementor-element-a8398d9 elementor-position-right elementor-vertical-align-middle elementor-position-right elementor-vertical-align-middle elementor-widget elementor-widget-image-box\" data-id=\"a8398d9\" data-element_type=\"widget\" data-e-type=\"widget\" data-widget_type=\"image-box.default\">\n\t\t\t\t\t<div class=\"elementor-image-box-wrapper\"><figure class=\"elementor-image-box-img\"><a href=\"https:\/\/api.whatsapp.com\/send\/?phone=14077380415&amp;text=Hola,solicitoinformaci\u00f3nsobre:3D\u00cdASDESDE$319.99(2PARQUESPARKTOPARK1PARQUEFREEUNIVERSALSTUDIOSISLANDOFADVENTUREVOLCANOBAY)\" tabindex=\"-1\" target=\"_blank\" rel=\"noopener\"><img loading=\"lazy\" decoding=\"async\" width=\"768\" height=\"960\" src=\"https:\/\/www.viajaorlandobarato.com\/wp-content\/uploads\/2026\/01\/Universal-1-INGLES_Mesa-de-trabajo-1-copia-3.jpg\" class=\"elementor-animation-pulse-grow attachment-medium_large size-medium_large wp-image-924\" alt=\"\" srcset=\"https:\/\/www.viajaorlandobarato.com\/wp-content\/uploads\/2026\/01\/Universal-1-INGLES_Mesa-de-trabajo-1-copia-3.jpg 2048w, https:\/\/www.viajaorlandobarato.com\/wp-content\/uploads\/2026\/01\/Universal-1-INGLES_Mesa-de-trabajo-1-copia-3-240x300.jpg 240w, https:\/\/www.viajaorlandobarato.com\/wp-content\/uploads\/2026\/01\/Universal-1-INGLES_Mesa-de-trabajo-1-copia-3-819x1024.jpg 819w, https:\/\/www.viajaorlandobarato.com\/wp-content\/uploads\/2026\/01\/Universal-1-INGLES_Mesa-de-trabajo-1-copia-3-768x960.jpg 768w, https:\/\/www.viajaorlandobarato.com\/wp-content\/uploads\/2026\/01\/Universal-1-INGLES_Mesa-de-trabajo-1-copia-3-1229x1536.jpg 1229w, https:\/\/www.viajaorlandobarato.com\/wp-content\/uploads\/2026\/01\/Universal-1-INGLES_Mesa-de-trabajo-1-copia-3-1638x2048.jpg 1638w, https:\/\/www.viajaorlandobarato.com\/wp-content\/uploads\/2026\/01\/Universal-1-INGLES_Mesa-de-trabajo-1-copia-3-10x12.jpg 10w\" sizes=\"(max-width: 768px) 100vw, 768px\" \/><\/a><\/figure><div class=\"elementor-image-box-content\"><h3 class=\"elementor-image-box-title\"><a href=\"https:\/\/api.whatsapp.com\/send\/?phone=14077380415&amp;text=Hola,solicitoinformaci\u00f3nsobre:3D\u00cdASDESDE$319.99(2PARQUESPARKTOPARK1PARQUEFREEUNIVERSALSTUDIOSISLANDOFADVENTUREVOLCANOBAY)\" target=\"_blank\" rel=\"noopener\">3 DAYS FROM $319.99<\/a><\/h3><p class=\"elementor-image-box-description\">2 Park-to-Park Tickets + 1 Free Ticket! Take advantage of our best value offer! Enjoy the action! <br>from the studios, the adventure islands and the tropical paradise of a world-class water park:<br><b><i><br>-Universal Studios Florida.<br>-Universal Islands of Adventure.<br>-Universal Volcano Bay.<br>-Free Hogwarts Express train.<br><\/i><u><br>Certain conditions apply.<\/u><\/b><\/p><\/div><\/div>\t\t\t\t<\/div>\n\t\t\t\t<div class=\"elementor-element elementor-element-ce94fbb elementor-widget-divider--view-line elementor-widget elementor-widget-divider\" data-id=\"ce94fbb\" data-element_type=\"widget\" data-e-type=\"widget\" data-widget_type=\"divider.default\">\n\t\t\t\t\t\t\t<div class=\"elementor-divider\">\n\t\t\t<span class=\"elementor-divider-separator\">\n\t\t\t\t\t\t<\/span>\n\t\t<\/div>\n\t\t\t\t\t\t<\/div>\n\t\t\t\t\t<\/div>\n\t\t\t\t<\/div>\n\t\t<div class=\"elementor-element elementor-element-56db8b9 e-flex e-con-boxed e-con e-parent\" data-id=\"56db8b9\" data-element_type=\"container\" data-e-type=\"container\">\n\t\t\t\t\t<div class=\"e-con-inner\">\n\t\t\t\t<div class=\"elementor-element elementor-element-c67570f elementor-position-right elementor-vertical-align-middle elementor-position-right elementor-vertical-align-middle elementor-widget elementor-widget-image-box\" data-id=\"c67570f\" data-element_type=\"widget\" data-e-type=\"widget\" data-widget_type=\"image-box.default\">\n\t\t\t\t\t<div class=\"elementor-image-box-wrapper\"><figure class=\"elementor-image-box-img\"><a href=\"https:\/\/api.whatsapp.com\/send\/?phone=14077380415&amp;text=Hola,solicitoinformaci\u00f3nsobre:3D\u00cdASDESDE$399.99(1DIAPARKTOPARKUNIVERSALSTUDIOS1DIAISLANDOFADVENTURE1DIAEPICUNIVERSE)\" tabindex=\"-1\" target=\"_blank\" rel=\"noopener\"><img loading=\"lazy\" decoding=\"async\" width=\"768\" height=\"960\" src=\"https:\/\/www.viajaorlandobarato.com\/wp-content\/uploads\/2026\/01\/universal-2-INGLES_Mesa-de-trabajo-1.jpg\" class=\"elementor-animation-pulse-grow attachment-medium_large size-medium_large wp-image-926\" alt=\"\" srcset=\"https:\/\/www.viajaorlandobarato.com\/wp-content\/uploads\/2026\/01\/universal-2-INGLES_Mesa-de-trabajo-1.jpg 2048w, https:\/\/www.viajaorlandobarato.com\/wp-content\/uploads\/2026\/01\/universal-2-INGLES_Mesa-de-trabajo-1-240x300.jpg 240w, https:\/\/www.viajaorlandobarato.com\/wp-content\/uploads\/2026\/01\/universal-2-INGLES_Mesa-de-trabajo-1-819x1024.jpg 819w, https:\/\/www.viajaorlandobarato.com\/wp-content\/uploads\/2026\/01\/universal-2-INGLES_Mesa-de-trabajo-1-768x960.jpg 768w, https:\/\/www.viajaorlandobarato.com\/wp-content\/uploads\/2026\/01\/universal-2-INGLES_Mesa-de-trabajo-1-1229x1536.jpg 1229w, https:\/\/www.viajaorlandobarato.com\/wp-content\/uploads\/2026\/01\/universal-2-INGLES_Mesa-de-trabajo-1-1638x2048.jpg 1638w, https:\/\/www.viajaorlandobarato.com\/wp-content\/uploads\/2026\/01\/universal-2-INGLES_Mesa-de-trabajo-1-10x12.jpg 10w\" sizes=\"(max-width: 768px) 100vw, 768px\" \/><\/a><\/figure><div class=\"elementor-image-box-content\"><h3 class=\"elementor-image-box-title\"><a href=\"https:\/\/api.whatsapp.com\/send\/?phone=14077380415&amp;text=Hola,solicitoinformaci\u00f3nsobre:3D\u00cdASDESDE$399.99(1DIAPARKTOPARKUNIVERSALSTUDIOS1DIAISLANDOFADVENTURE1DIAEPICUNIVERSE)\" target=\"_blank\" rel=\"noopener\">3 DAYS FROM $399.99<\/a><\/h3><p class=\"elementor-image-box-description\">The Universal Trilogy: 3 Days of Magic. Dedicate a whole day to each universe of fun. From technology <br>From the most advanced to the most ancient myths, explore in depth:<br><b><i><br>-Universal Studios Florida.<br>-Universal Islands of Adventure.<br>-Universal Epic Universe.<br>-Free Hogwarts Express train.<br><\/i><u><br>Certain conditions apply.<\/u><\/b><\/p><\/div><\/div>\t\t\t\t<\/div>\n\t\t\t\t<div class=\"elementor-element elementor-element-2f13ab7 elementor-widget-divider--view-line elementor-widget elementor-widget-divider\" data-id=\"2f13ab7\" data-element_type=\"widget\" data-e-type=\"widget\" data-widget_type=\"divider.default\">\n\t\t\t\t\t\t\t<div class=\"elementor-divider\">\n\t\t\t<span class=\"elementor-divider-separator\">\n\t\t\t\t\t\t<\/span>\n\t\t<\/div>\n\t\t\t\t\t\t<\/div>\n\t\t\t\t\t<\/div>\n\t\t\t\t<\/div>\n\t\t<div class=\"elementor-element elementor-element-6a68fca e-flex e-con-boxed e-con e-parent\" data-id=\"6a68fca\" data-element_type=\"container\" data-e-type=\"container\">\n\t\t\t\t\t<div class=\"e-con-inner\">\n\t\t\t\t<div class=\"elementor-element elementor-element-8f2ab7b elementor-position-right elementor-vertical-align-middle elementor-position-right elementor-vertical-align-middle elementor-widget elementor-widget-image-box\" data-id=\"8f2ab7b\" data-element_type=\"widget\" data-e-type=\"widget\" data-widget_type=\"image-box.default\">\n\t\t\t\t\t<div class=\"elementor-image-box-wrapper\"><figure class=\"elementor-image-box-img\"><a href=\"https:\/\/api.whatsapp.com\/send\/?phone=14077380415&amp;text=Hola,solicitoinformaci\u00f3nsobre:4D\u00cdASDESDE$474.99(2DIAPARKTOPARK1DIAVOLCANOBAY1DIAEPICUNIVERSE)\" tabindex=\"-1\" target=\"_blank\" rel=\"noopener\"><img loading=\"lazy\" decoding=\"async\" width=\"768\" height=\"960\" src=\"https:\/\/www.viajaorlandobarato.com\/wp-content\/uploads\/2026\/01\/universal-2-INGLES-02.jpg\" class=\"elementor-animation-pulse-grow attachment-medium_large size-medium_large wp-image-927\" alt=\"\" srcset=\"https:\/\/www.viajaorlandobarato.com\/wp-content\/uploads\/2026\/01\/universal-2-INGLES-02.jpg 2048w, https:\/\/www.viajaorlandobarato.com\/wp-content\/uploads\/2026\/01\/universal-2-INGLES-02-240x300.jpg 240w, https:\/\/www.viajaorlandobarato.com\/wp-content\/uploads\/2026\/01\/universal-2-INGLES-02-819x1024.jpg 819w, https:\/\/www.viajaorlandobarato.com\/wp-content\/uploads\/2026\/01\/universal-2-INGLES-02-768x960.jpg 768w, https:\/\/www.viajaorlandobarato.com\/wp-content\/uploads\/2026\/01\/universal-2-INGLES-02-1229x1536.jpg 1229w, https:\/\/www.viajaorlandobarato.com\/wp-content\/uploads\/2026\/01\/universal-2-INGLES-02-1638x2048.jpg 1638w, https:\/\/www.viajaorlandobarato.com\/wp-content\/uploads\/2026\/01\/universal-2-INGLES-02-10x12.jpg 10w\" sizes=\"(max-width: 768px) 100vw, 768px\" \/><\/a><\/figure><div class=\"elementor-image-box-content\"><h3 class=\"elementor-image-box-title\"><a href=\"https:\/\/api.whatsapp.com\/send\/?phone=14077380415&amp;text=Hola,solicitoinformaci\u00f3nsobre:4D\u00cdASDESDE$474.99(2DIAPARKTOPARK1DIAVOLCANOBAY1DIAEPICUNIVERSE)\" target=\"_blank\" rel=\"noopener\">4 DAYS FROM $474.99<\/a><\/h3><p class=\"elementor-image-box-description\">4 Days of Total Adventure: The perfect getaway to not miss a single detail. Enjoy the flexibility. <br>from hopping between parks, relaxing on the volcano, and discovering the epic in:<br><b><i><br>-Universal Studios Florida + Islands of Adventure.<br>-Universal Volcano Bay.-Universal Epic Universe.<br>-Free Hogwarts Express train.<br><\/i><u><br>Certain conditions apply.<\/u><\/b><\/p><\/div><\/div>\t\t\t\t<\/div>\n\t\t\t\t<div class=\"elementor-element elementor-element-7daaf53 elementor-widget-divider--view-line elementor-widget elementor-widget-divider\" data-id=\"7daaf53\" data-element_type=\"widget\" data-e-type=\"widget\" data-widget_type=\"divider.default\">\n\t\t\t\t\t\t\t<div class=\"elementor-divider\">\n\t\t\t<span class=\"elementor-divider-separator\">\n\t\t\t\t\t\t<\/span>\n\t\t<\/div>\n\t\t\t\t\t\t<\/div>\n\t\t\t\t\t<\/div>\n\t\t\t\t<\/div>\n\t\t<div class=\"elementor-element elementor-element-012fba5 e-flex e-con-boxed e-con e-parent\" data-id=\"012fba5\" data-element_type=\"container\" data-e-type=\"container\">\n\t\t\t\t\t<div class=\"e-con-inner\">\n\t\t\t\t<div class=\"elementor-element elementor-element-e746f3d elementor-position-right elementor-vertical-align-middle elementor-position-right elementor-vertical-align-middle elementor-widget elementor-widget-image-box\" data-id=\"e746f3d\" data-element_type=\"widget\" data-e-type=\"widget\" data-widget_type=\"image-box.default\">\n\t\t\t\t\t<div class=\"elementor-image-box-wrapper\"><figure class=\"elementor-image-box-img\"><a href=\"https:\/\/api.whatsapp.com\/send\/?phone=14077380415&amp;text=Hola,solicitoinformaci\u00f3nsobre:6D\u00cdASDESDE$589.99(2DIAPARKTOPARK1DIAVOLCANOBAY3DIASEPICUNIVERSE)\" tabindex=\"-1\" target=\"_blank\" rel=\"noopener\"><img loading=\"lazy\" decoding=\"async\" width=\"768\" height=\"960\" src=\"https:\/\/www.viajaorlandobarato.com\/wp-content\/uploads\/2026\/01\/universal-2-INGLES-03.jpg\" class=\"elementor-animation-pulse-grow attachment-medium_large size-medium_large wp-image-928\" alt=\"\" srcset=\"https:\/\/www.viajaorlandobarato.com\/wp-content\/uploads\/2026\/01\/universal-2-INGLES-03.jpg 2048w, https:\/\/www.viajaorlandobarato.com\/wp-content\/uploads\/2026\/01\/universal-2-INGLES-03-240x300.jpg 240w, https:\/\/www.viajaorlandobarato.com\/wp-content\/uploads\/2026\/01\/universal-2-INGLES-03-819x1024.jpg 819w, https:\/\/www.viajaorlandobarato.com\/wp-content\/uploads\/2026\/01\/universal-2-INGLES-03-768x960.jpg 768w, https:\/\/www.viajaorlandobarato.com\/wp-content\/uploads\/2026\/01\/universal-2-INGLES-03-1229x1536.jpg 1229w, https:\/\/www.viajaorlandobarato.com\/wp-content\/uploads\/2026\/01\/universal-2-INGLES-03-1638x2048.jpg 1638w, https:\/\/www.viajaorlandobarato.com\/wp-content\/uploads\/2026\/01\/universal-2-INGLES-03-10x12.jpg 10w\" sizes=\"(max-width: 768px) 100vw, 768px\" \/><\/a><\/figure><div class=\"elementor-image-box-content\"><h3 class=\"elementor-image-box-title\"><a href=\"https:\/\/api.whatsapp.com\/send\/?phone=14077380415&amp;text=Hola,solicitoinformaci\u00f3nsobre:6D\u00cdASDESDE$589.99(2DIAPARKTOPARK1DIAVOLCANOBAY3DIASEPICUNIVERSE)\" target=\"_blank\" rel=\"noopener\">6 DAYS FROM $589.99<\/a><\/h3><p class=\"elementor-image-box-description\">Epic 6-Day Immersion Designed for explorers who want it all. You'll have plenty of time. <br>to revisit your favorite attractions and explore the new portal to the unknown:<br><b><i><br>-Universal Studios Florida + Islands of Adventure (Park to Park).<br>-Universal Volcano Bay.-Universal Epic Universe (3 days of access).<br>-Free Hogwarts Express train.<br><\/i><u><br>Certain conditions apply.<\/u><\/b><\/p><\/div><\/div>\t\t\t\t<\/div>\n\t\t\t\t\t<\/div>\n\t\t\t\t<\/div>\n\t\t\t\t<\/div>","protected":false},"excerpt":{"rendered":"<p>1 D\u00cdA DESDE $209.99 1 D\u00eda Park to Park Vive la m\u00e1xima emoci\u00f3n saltando entre dos mundos incre\u00edbles en un [&hellip;]<\/p>\n","protected":false},"author":1,"featured_media":0,"parent":305,"menu_order":4,"comment_status":"closed","ping_status":"closed","template":"","meta":{"site-sidebar-layout":"no-sidebar","site-content-layout":"","ast-site-content-layout":"full-width-container","site-content-style":"default","site-sidebar-style":"default","ast-global-header-display":"","ast-banner-title-visibility":"","ast-main-header-display":"","ast-hfb-above-header-display":"","ast-hfb-below-header-display":"","ast-hfb-mobile-header-display":"","site-post-title":"disabled","ast-breadcrumbs-content":"","ast-featured-img":"disabled","footer-sml-layout":"","ast-disable-related-posts":"","theme-transparent-header-meta":"","adv-header-id-meta":"","stick-header-meta":"","header-above-stick-meta":"","header-main-stick-meta":"","header-below-stick-meta":"","astra-migrate-meta-layouts":"default","ast-page-background-enabled":"default","ast-page-background-meta":{"desktop":{"background-color":"var(--ast-global-color-5)","background-image":"","background-repeat":"repeat","background-position":"center center","background-size":"auto","background-attachment":"scroll","background-type":"","background-media":"","overlay-type":"","overlay-color":"","overlay-opacity":"","overlay-gradient":""},"tablet":{"background-color":"","background-image":"","background-repeat":"repeat","background-position":"center center","background-size":"auto","background-attachment":"scroll","background-type":"","background-media":"","overlay-type":"","overlay-color":"","overlay-opacity":"","overlay-gradient":""},"mobile":{"background-color":"","background-image":"","background-repeat":"repeat","background-position":"center center","background-size":"auto","background-attachment":"scroll","background-type":"","background-media":"","overlay-type":"","overlay-color":"","overlay-opacity":"","overlay-gradient":""}},"ast-content-background-meta":{"desktop":{"background-color":"var(--ast-global-color-4)","background-image":"","background-repeat":"repeat","background-position":"center center","background-size":"auto","background-attachment":"scroll","background-type":"","background-media":"","overlay-type":"","overlay-color":"","overlay-opacity":"","overlay-gradient":""},"tablet":{"background-color":"var(--ast-global-color-4)","background-image":"","background-repeat":"repeat","background-position":"center center","background-size":"auto","background-attachment":"scroll","background-type":"","background-media":"","overlay-type":"","overlay-color":"","overlay-opacity":"","overlay-gradient":""},"mobile":{"background-color":"var(--ast-global-color-4)","background-image":"","background-repeat":"repeat","background-position":"center center","background-size":"auto","background-attachment":"scroll","background-type":"","background-media":"","overlay-type":"","overlay-color":"","overlay-opacity":"","overlay-gradient":""}},"footnotes":""},"class_list":["post-354","page","type-page","status-publish","hentry"],"aioseo_notices":[],"_links":{"self":[{"href":"https:\/\/www.viajaorlandobarato.com\/en\/wp-json\/wp\/v2\/pages\/354","targetHints":{"allow":["GET"]}}],"collection":[{"href":"https:\/\/www.viajaorlandobarato.com\/en\/wp-json\/wp\/v2\/pages"}],"about":[{"href":"https:\/\/www.viajaorlandobarato.com\/en\/wp-json\/wp\/v2\/types\/page"}],"author":[{"embeddable":true,"href":"https:\/\/www.viajaorlandobarato.com\/en\/wp-json\/wp\/v2\/users\/1"}],"replies":[{"embeddable":true,"href":"https:\/\/www.viajaorlandobarato.com\/en\/wp-json\/wp\/v2\/comments?post=354"}],"version-history":[{"count":10,"href":"https:\/\/www.viajaorlandobarato.com\/en\/wp-json\/wp\/v2\/pages\/354\/revisions"}],"predecessor-version":[{"id":1112,"href":"https:\/\/www.viajaorlandobarato.com\/en\/wp-json\/wp\/v2\/pages\/354\/revisions\/1112"}],"up":[{"embeddable":true,"href":"https:\/\/www.viajaorlandobarato.com\/en\/wp-json\/wp\/v2\/pages\/305"}],"wp:attachment":[{"href":"https:\/\/www.viajaorlandobarato.com\/en\/wp-json\/wp\/v2\/media?parent=354"}],"curies":[{"name":"wp","href":"https:\/\/api.w.org\/{rel}","templated":true}]}}