{"id":351,"date":"2025-12-29T17:37:18","date_gmt":"2025-12-29T17:37:18","guid":{"rendered":"https:\/\/www.viajaorlandobarato.com\/?page_id=351"},"modified":"2026-01-20T14:49:59","modified_gmt":"2026-01-20T14:49:59","slug":"discovery-cove","status":"publish","type":"page","link":"https:\/\/www.viajaorlandobarato.com\/en\/servicios\/tickets-a-parques\/discovery-cove\/","title":{"rendered":"Discovery Cove"},"content":{"rendered":"<div data-elementor-type=\"wp-page\" data-elementor-id=\"351\" class=\"elementor elementor-351\">\n\t\t\t\t<div class=\"elementor-element elementor-element-c22279b e-flex e-con-boxed e-con e-parent\" data-id=\"c22279b\" data-element_type=\"container\" data-e-type=\"container\">\n\t\t\t\t\t<div class=\"e-con-inner\">\n\t\t\t\t<div class=\"elementor-element elementor-element-4c8a2d1 elementor-position-right elementor-vertical-align-middle elementor-position-right elementor-vertical-align-middle elementor-widget elementor-widget-image-box\" data-id=\"4c8a2d1\" data-element_type=\"widget\" data-e-type=\"widget\" data-widget_type=\"image-box.default\">\n\t\t\t\t\t<div class=\"elementor-image-box-wrapper\"><figure class=\"elementor-image-box-img\"><a href=\"https:\/\/api.whatsapp.com\/send\/?phone=14077380415&amp;text=Hola,solicitom\u00e1sinformaci\u00f3nsobre:1PARQUEDESDE$299.99(AdmissionOnly-DayResortDolphinInteraction)&amp;type=product&amp;product_id=2565108007783564nteraction)\" tabindex=\"-1\" target=\"_blank\" rel=\"noopener\"><img fetchpriority=\"high\" decoding=\"async\" width=\"768\" height=\"960\" src=\"https:\/\/www.viajaorlandobarato.com\/wp-content\/uploads\/2026\/01\/discovery-cov-INGLES_Mesa-de-trabajo-1.jpg\" class=\"elementor-animation-pulse-grow attachment-medium_large size-medium_large wp-image-888\" alt=\"\" \/><\/a><\/figure><div class=\"elementor-image-box-content\"><h2 class=\"elementor-image-box-title\"><a href=\"https:\/\/api.whatsapp.com\/send\/?phone=14077380415&amp;text=Hola,solicitom\u00e1sinformaci\u00f3nsobre:1PARQUEDESDE$299.99(AdmissionOnly-DayResortDolphinInteraction)&amp;type=product&amp;product_id=2565108007783564nteraction)\" target=\"_blank\" rel=\"noopener\">1 PARK FROM $299.99<\/a><\/h2><p class=\"elementor-image-box-description\"><b>Dolphin Interaction - Day Resort<\/b> Experience a luxurious day in an all-inclusive tropical paradise. Enjoy <br>Experience Orlando's most magical encounter: swimming with dolphins and relaxing on exclusive beaches. <br>Your admission includes:<br><b><i><br>-Swimming with dolphins is reserved.<br>-Coral reef, Ray Lagoon and Aviary.<br>-Breakfast, lunch, snacks and unlimited drinks.<br>-Full equipment, towels and free parking.<br><\/i><u><br>Certain conditions apply. Minimum age 6 years and height 1.07 m for swimming.<\/u><\/b><\/p><\/div><\/div>\t\t\t\t<\/div>\n\t\t\t\t\t<\/div>\n\t\t\t\t<\/div>\n\t\t<div class=\"elementor-element elementor-element-b70128d e-flex e-con-boxed e-con e-parent\" data-id=\"b70128d\" data-element_type=\"container\" data-e-type=\"container\">\n\t\t\t\t\t<div class=\"e-con-inner\">\n\t\t\t\t<div class=\"elementor-element elementor-element-0a66cef elementor-widget-divider--view-line elementor-widget elementor-widget-divider\" data-id=\"0a66cef\" data-element_type=\"widget\" data-e-type=\"widget\" data-widget_type=\"divider.default\">\n\t\t\t\t\t\t\t<div class=\"elementor-divider\">\n\t\t\t<span class=\"elementor-divider-separator\">\n\t\t\t\t\t\t<\/span>\n\t\t<\/div>\n\t\t\t\t\t\t<\/div>\n\t\t\t\t\t<\/div>\n\t\t\t\t<\/div>\n\t\t<div class=\"elementor-element elementor-element-79c26b3 e-flex e-con-boxed e-con e-parent\" data-id=\"79c26b3\" data-element_type=\"container\" data-e-type=\"container\">\n\t\t\t\t\t<div class=\"e-con-inner\">\n\t\t\t\t<div class=\"elementor-element elementor-element-e21c0d0 elementor-position-right elementor-vertical-align-middle elementor-position-right elementor-vertical-align-middle elementor-widget elementor-widget-image-box\" data-id=\"e21c0d0\" data-element_type=\"widget\" data-e-type=\"widget\" data-widget_type=\"image-box.default\">\n\t\t\t\t\t<div class=\"elementor-image-box-wrapper\"><figure class=\"elementor-image-box-img\"><a href=\"https:\/\/api.whatsapp.com\/send\/?phone=14077380415&amp;text=Hola,megustar\u00edam\u00e1sinformaci\u00f3nsobreelpaquetede:3PARQUESDESDE$337.99(PackageDolphinInteraction)\" tabindex=\"-1\" target=\"_blank\" rel=\"noopener\"><img decoding=\"async\" width=\"768\" height=\"960\" src=\"https:\/\/www.viajaorlandobarato.com\/wp-content\/uploads\/2026\/01\/discovery-cov-INGLES-02.jpg\" class=\"elementor-animation-pulse-grow attachment-medium_large size-medium_large wp-image-887\" alt=\"\" \/><\/a><\/figure><div class=\"elementor-image-box-content\"><h2 class=\"elementor-image-box-title\"><a href=\"https:\/\/api.whatsapp.com\/send\/?phone=14077380415&amp;text=Hola,megustar\u00edam\u00e1sinformaci\u00f3nsobreelpaquetede:3PARQUESDESDE$337.99(PackageDolphinInteraction)\" target=\"_blank\" rel=\"noopener\">3 PARK FROM $337.99<\/a><\/h2><p class=\"elementor-image-box-description\"><b>Package (Including Swimming with Dolphins)<\/b> The most complete plan to experience the magic of the sea to the fullest. It combines <br>Swimming with dolphins with unlimited access to the best parks in Florida:<br><b style=\"font-style: italic\"><br>-Swimming with dolphins booked at Discovery Cove.<br>-14 consecutive days at SeaWorld Orlando.<br>-14 consecutive days at Aquatica Orlando.<br>-All inclusive at Discovery Cove (food, drinks and parking).<br><\/b><b><u><br>Certain conditions apply. At least one person in the group must do the swim.<\/u><\/b><\/p><\/div><\/div>\t\t\t\t<\/div>\n\t\t\t\t<div class=\"elementor-element elementor-element-dfce385 elementor-widget-divider--view-line elementor-widget elementor-widget-divider\" data-id=\"dfce385\" data-element_type=\"widget\" data-e-type=\"widget\" data-widget_type=\"divider.default\">\n\t\t\t\t\t\t\t<div class=\"elementor-divider\">\n\t\t\t<span class=\"elementor-divider-separator\">\n\t\t\t\t\t\t<\/span>\n\t\t<\/div>\n\t\t\t\t\t\t<\/div>\n\t\t\t\t<div class=\"elementor-element elementor-element-615e327 elementor-position-right elementor-vertical-align-middle elementor-position-right elementor-vertical-align-middle elementor-widget elementor-widget-image-box\" data-id=\"615e327\" data-element_type=\"widget\" data-e-type=\"widget\" data-widget_type=\"image-box.default\">\n\t\t\t\t\t<div class=\"elementor-image-box-wrapper\"><figure class=\"elementor-image-box-img\"><a href=\"https:\/\/api.whatsapp.com\/send\/?phone=14077380415&amp;text=Hola,solicitoinformaci\u00f3nsobre:1PARQUEDESDE$189.99(AdmissionOnly-DayResortNon-DolphinInteraction)\" tabindex=\"-1\" target=\"_blank\" rel=\"noopener\"><img decoding=\"async\" width=\"768\" height=\"960\" src=\"https:\/\/www.viajaorlandobarato.com\/wp-content\/uploads\/2026\/01\/discovery-cov-INGLES-03.jpg\" class=\"elementor-animation-pulse-grow attachment-medium_large size-medium_large wp-image-885\" alt=\"\" \/><\/a><\/figure><div class=\"elementor-image-box-content\"><h2 class=\"elementor-image-box-title\"><a href=\"https:\/\/api.whatsapp.com\/send\/?phone=14077380415&amp;text=Hola,solicitoinformaci\u00f3nsobre:1PARQUEDESDE$189.99(AdmissionOnly-DayResortNon-DolphinInteraction)\" target=\"_blank\" rel=\"noopener\">1 PARK FROM $189.99<\/a><\/h2><p class=\"elementor-image-box-description\"><b>Day Resort (No Dolphin Swim)<\/b> Unwind in an oasis of total relaxation with services from <br>First class. Enjoy nature and snorkeling among tropical fish with all the comforts included:<br><b><i><br>-Coral reef, Ray Lagoon and Tropical River.<br>-Unlimited food and drinks throughout the day.<br>-Anheuser Busch snacks and products included.<br>-Use of lockers, snorkeling equipment and wetsuits.<br><\/i><u><br>Certain conditions apply.<\/u><\/b><\/p><\/div><\/div>\t\t\t\t<\/div>\n\t\t\t\t<div class=\"elementor-element elementor-element-8c3a755 elementor-widget-divider--view-line elementor-widget elementor-widget-divider\" data-id=\"8c3a755\" data-element_type=\"widget\" data-e-type=\"widget\" data-widget_type=\"divider.default\">\n\t\t\t\t\t\t\t<div class=\"elementor-divider\">\n\t\t\t<span class=\"elementor-divider-separator\">\n\t\t\t\t\t\t<\/span>\n\t\t<\/div>\n\t\t\t\t\t\t<\/div>\n\t\t\t\t<div class=\"elementor-element elementor-element-058c430 elementor-position-right elementor-vertical-align-middle elementor-position-right elementor-vertical-align-middle elementor-widget elementor-widget-image-box\" data-id=\"058c430\" data-element_type=\"widget\" data-e-type=\"widget\" data-widget_type=\"image-box.default\">\n\t\t\t\t\t<div class=\"elementor-image-box-wrapper\"><figure class=\"elementor-image-box-img\"><a href=\"https:\/\/api.whatsapp.com\/send\/?phone=14077380415&amp;text=Hola,deseom\u00e1sinformaci\u00f3nsobreelpaquete:3PARQUESDESDE$246.99(PackageNon-DolphinInteraction)\" tabindex=\"-1\" target=\"_blank\" rel=\"noopener\"><img loading=\"lazy\" decoding=\"async\" width=\"768\" height=\"960\" src=\"https:\/\/www.viajaorlandobarato.com\/wp-content\/uploads\/2026\/01\/discovery-cov-INGLES-04.jpg\" class=\"elementor-animation-pulse-grow attachment-medium_large size-medium_large wp-image-886\" alt=\"\" \/><\/a><\/figure><div class=\"elementor-image-box-content\"><h2 class=\"elementor-image-box-title\"><a href=\"https:\/\/api.whatsapp.com\/send\/?phone=14077380415&amp;text=Hola,deseom\u00e1sinformaci\u00f3nsobreelpaquete:3PARQUESDESDE$246.99(PackageNon-DolphinInteraction)\" target=\"_blank\" rel=\"noopener\">3 PARK FROM $246.99<\/a><\/h2><p class=\"elementor-image-box-description\"><b>Package (Without Swimming with Dolphins)<\/b> The perfect blend of exclusivity and adventure. Enjoy a relaxing day.<br>total at Discovery Cove and extends the fun for two more weeks. Includes:<br><b><i><br>-One day of access to \"Day Resort\" at Discovery Cove.<br>-14 consecutive days at SeaWorld Orlando.<br>-14 consecutive days at Aquatica Orlando.<br>-Meals, drinks and equipment included at Discovery Cove.<br><\/i><u><br>-Certain conditions apply.<\/u><\/b><\/p><\/div><\/div>\t\t\t\t<\/div>\n\t\t\t\t\t<\/div>\n\t\t\t\t<\/div>\n\t\t\t\t<\/div>","protected":false},"excerpt":{"rendered":"<p>1 PARQUE DESDE $299.99 Interacci\u00f3n con Delfines &#8211; Day Resort Vive un d\u00eda de lujo en un para\u00edso tropical con [&hellip;]<\/p>\n","protected":false},"author":1,"featured_media":0,"parent":305,"menu_order":1,"comment_status":"closed","ping_status":"closed","template":"","meta":{"site-sidebar-layout":"no-sidebar","site-content-layout":"","ast-site-content-layout":"full-width-container","site-content-style":"default","site-sidebar-style":"default","ast-global-header-display":"","ast-banner-title-visibility":"","ast-main-header-display":"","ast-hfb-above-header-display":"","ast-hfb-below-header-display":"","ast-hfb-mobile-header-display":"","site-post-title":"disabled","ast-breadcrumbs-content":"","ast-featured-img":"disabled","footer-sml-layout":"","ast-disable-related-posts":"","theme-transparent-header-meta":"","adv-header-id-meta":"","stick-header-meta":"","header-above-stick-meta":"","header-main-stick-meta":"","header-below-stick-meta":"","astra-migrate-meta-layouts":"default","ast-page-background-enabled":"default","ast-page-background-meta":{"desktop":{"background-color":"var(--ast-global-color-5)","background-image":"","background-repeat":"repeat","background-position":"center center","background-size":"auto","background-attachment":"scroll","background-type":"","background-media":"","overlay-type":"","overlay-color":"","overlay-opacity":"","overlay-gradient":""},"tablet":{"background-color":"","background-image":"","background-repeat":"repeat","background-position":"center center","background-size":"auto","background-attachment":"scroll","background-type":"","background-media":"","overlay-type":"","overlay-color":"","overlay-opacity":"","overlay-gradient":""},"mobile":{"background-color":"","background-image":"","background-repeat":"repeat","background-position":"center center","background-size":"auto","background-attachment":"scroll","background-type":"","background-media":"","overlay-type":"","overlay-color":"","overlay-opacity":"","overlay-gradient":""}},"ast-content-background-meta":{"desktop":{"background-color":"var(--ast-global-color-4)","background-image":"","background-repeat":"repeat","background-position":"center center","background-size":"auto","background-attachment":"scroll","background-type":"","background-media":"","overlay-type":"","overlay-color":"","overlay-opacity":"","overlay-gradient":""},"tablet":{"background-color":"var(--ast-global-color-4)","background-image":"","background-repeat":"repeat","background-position":"center center","background-size":"auto","background-attachment":"scroll","background-type":"","background-media":"","overlay-type":"","overlay-color":"","overlay-opacity":"","overlay-gradient":""},"mobile":{"background-color":"var(--ast-global-color-4)","background-image":"","background-repeat":"repeat","background-position":"center center","background-size":"auto","background-attachment":"scroll","background-type":"","background-media":"","overlay-type":"","overlay-color":"","overlay-opacity":"","overlay-gradient":""}},"footnotes":""},"class_list":["post-351","page","type-page","status-publish","hentry"],"aioseo_notices":[],"_links":{"self":[{"href":"https:\/\/www.viajaorlandobarato.com\/en\/wp-json\/wp\/v2\/pages\/351","targetHints":{"allow":["GET"]}}],"collection":[{"href":"https:\/\/www.viajaorlandobarato.com\/en\/wp-json\/wp\/v2\/pages"}],"about":[{"href":"https:\/\/www.viajaorlandobarato.com\/en\/wp-json\/wp\/v2\/types\/page"}],"author":[{"embeddable":true,"href":"https:\/\/www.viajaorlandobarato.com\/en\/wp-json\/wp\/v2\/users\/1"}],"replies":[{"embeddable":true,"href":"https:\/\/www.viajaorlandobarato.com\/en\/wp-json\/wp\/v2\/comments?post=351"}],"version-history":[{"count":10,"href":"https:\/\/www.viajaorlandobarato.com\/en\/wp-json\/wp\/v2\/pages\/351\/revisions"}],"predecessor-version":[{"id":1070,"href":"https:\/\/www.viajaorlandobarato.com\/en\/wp-json\/wp\/v2\/pages\/351\/revisions\/1070"}],"up":[{"embeddable":true,"href":"https:\/\/www.viajaorlandobarato.com\/en\/wp-json\/wp\/v2\/pages\/305"}],"wp:attachment":[{"href":"https:\/\/www.viajaorlandobarato.com\/en\/wp-json\/wp\/v2\/media?parent=351"}],"curies":[{"name":"wp","href":"https:\/\/api.w.org\/{rel}","templated":true}]}}